{"id":6365,"date":"2024-07-23T06:20:49","date_gmt":"2024-07-23T06:20:49","guid":{"rendered":"https:\/\/turktrek.com\/?page_id=6365"},"modified":"2024-11-17T11:07:13","modified_gmt":"2024-11-17T11:07:13","slug":"lycian-way-treks","status":"publish","type":"page","link":"https:\/\/turktrek.com\/tr\/likya-yolu-trekking-yuruyusleri\/","title":{"rendered":"Likya Yolu Y\u00fcr\u00fcy\u00fc\u015fleri"},"content":{"rendered":"","protected":false},"excerpt":{"rendered":"","protected":false},"author":1,"featured_media":0,"parent":0,"menu_order":16,"comment_status":"closed","ping_status":"closed","template":"","meta":{"nf_dc_page":"","iawp_total_views":237,"_joinchat":[],"footnotes":""},"folder":[],"class_list":["post-6365","page","type-page","status-publish","hentry"],"_links":{"self":[{"href":"https:\/\/turktrek.com\/tr\/wp-json\/wp\/v2\/pages\/6365","targetHints":{"allow":["GET"]}}],"collection":[{"href":"https:\/\/turktrek.com\/tr\/wp-json\/wp\/v2\/pages"}],"about":[{"href":"https:\/\/turktrek.com\/tr\/wp-json\/wp\/v2\/types\/page"}],"author":[{"embeddable":true,"href":"https:\/\/turktrek.com\/tr\/wp-json\/wp\/v2\/users\/1"}],"replies":[{"embeddable":true,"href":"https:\/\/turktrek.com\/tr\/wp-json\/wp\/v2\/comments?post=6365"}],"version-history":[{"count":6,"href":"https:\/\/turktrek.com\/tr\/wp-json\/wp\/v2\/pages\/6365\/revisions"}],"predecessor-version":[{"id":7551,"href":"https:\/\/turktrek.com\/tr\/wp-json\/wp\/v2\/pages\/6365\/revisions\/7551"}],"wp:attachment":[{"href":"https:\/\/turktrek.com\/tr\/wp-json\/wp\/v2\/media?parent=6365"}],"wp:term":[{"taxonomy":"folder","embeddable":true,"href":"https:\/\/turktrek.com\/tr\/wp-json\/wp\/v2\/folder?post=6365"}],"curies":[{"name":"wp","href":"https:\/\/api.w.org\/{rel}","templated":true}]}}