{"id":6430,"date":"2024-07-24T07:53:40","date_gmt":"2024-07-24T07:53:40","guid":{"rendered":"https:\/\/turktrek.com\/?page_id=6430"},"modified":"2024-08-25T08:03:45","modified_gmt":"2024-08-25T08:03:45","slug":"fethiye-day-hikes","status":"publish","type":"page","link":"https:\/\/turktrek.com\/tr\/fethiye-gunluk-doga-yuruyusleri\/","title":{"rendered":"Fethiye G\u00fcn\u00fc Birlik Do\u011fa Y\u00fcr\u00fcy\u00fc\u015fleri"},"content":{"rendered":"","protected":false},"excerpt":{"rendered":"","protected":false},"author":1,"featured_media":0,"parent":0,"menu_order":15,"comment_status":"closed","ping_status":"closed","template":"","meta":{"nf_dc_page":"","iawp_total_views":141,"_joinchat":[],"footnotes":""},"folder":[],"class_list":["post-6430","page","type-page","status-publish","hentry"],"_links":{"self":[{"href":"https:\/\/turktrek.com\/tr\/wp-json\/wp\/v2\/pages\/6430","targetHints":{"allow":["GET"]}}],"collection":[{"href":"https:\/\/turktrek.com\/tr\/wp-json\/wp\/v2\/pages"}],"about":[{"href":"https:\/\/turktrek.com\/tr\/wp-json\/wp\/v2\/types\/page"}],"author":[{"embeddable":true,"href":"https:\/\/turktrek.com\/tr\/wp-json\/wp\/v2\/users\/1"}],"replies":[{"embeddable":true,"href":"https:\/\/turktrek.com\/tr\/wp-json\/wp\/v2\/comments?post=6430"}],"version-history":[{"count":6,"href":"https:\/\/turktrek.com\/tr\/wp-json\/wp\/v2\/pages\/6430\/revisions"}],"predecessor-version":[{"id":7299,"href":"https:\/\/turktrek.com\/tr\/wp-json\/wp\/v2\/pages\/6430\/revisions\/7299"}],"wp:attachment":[{"href":"https:\/\/turktrek.com\/tr\/wp-json\/wp\/v2\/media?parent=6430"}],"wp:term":[{"taxonomy":"folder","embeddable":true,"href":"https:\/\/turktrek.com\/tr\/wp-json\/wp\/v2\/folder?post=6430"}],"curies":[{"name":"wp","href":"https:\/\/api.w.org\/{rel}","templated":true}]}}