{"id":6459,"date":"2024-07-25T08:31:43","date_gmt":"2024-07-25T08:31:43","guid":{"rendered":"https:\/\/turktrek.com\/?page_id=6459"},"modified":"2024-07-29T10:08:19","modified_gmt":"2024-07-29T10:08:19","slug":"trekking-climbing-mount-ararat","status":"publish","type":"page","link":"https:\/\/turktrek.com\/tr\/trekking-tirmanis-agri-dagi\/","title":{"rendered":"A\u011fr\u0131 Da\u011f\u0131 Trekking ve T\u0131rman\u0131\u015f"},"content":{"rendered":"","protected":false},"excerpt":{"rendered":"","protected":false},"author":1,"featured_media":0,"parent":0,"menu_order":18,"comment_status":"closed","ping_status":"closed","template":"","meta":{"nf_dc_page":"","iawp_total_views":161,"_joinchat":[],"footnotes":""},"folder":[],"class_list":["post-6459","page","type-page","status-publish","hentry"],"_links":{"self":[{"href":"https:\/\/turktrek.com\/tr\/wp-json\/wp\/v2\/pages\/6459","targetHints":{"allow":["GET"]}}],"collection":[{"href":"https:\/\/turktrek.com\/tr\/wp-json\/wp\/v2\/pages"}],"about":[{"href":"https:\/\/turktrek.com\/tr\/wp-json\/wp\/v2\/types\/page"}],"author":[{"embeddable":true,"href":"https:\/\/turktrek.com\/tr\/wp-json\/wp\/v2\/users\/1"}],"replies":[{"embeddable":true,"href":"https:\/\/turktrek.com\/tr\/wp-json\/wp\/v2\/comments?post=6459"}],"version-history":[{"count":4,"href":"https:\/\/turktrek.com\/tr\/wp-json\/wp\/v2\/pages\/6459\/revisions"}],"predecessor-version":[{"id":7208,"href":"https:\/\/turktrek.com\/tr\/wp-json\/wp\/v2\/pages\/6459\/revisions\/7208"}],"wp:attachment":[{"href":"https:\/\/turktrek.com\/tr\/wp-json\/wp\/v2\/media?parent=6459"}],"wp:term":[{"taxonomy":"folder","embeddable":true,"href":"https:\/\/turktrek.com\/tr\/wp-json\/wp\/v2\/folder?post=6459"}],"curies":[{"name":"wp","href":"https:\/\/api.w.org\/{rel}","templated":true}]}}