{"id":6552,"date":"2024-07-27T09:42:10","date_gmt":"2024-07-27T09:42:10","guid":{"rendered":"https:\/\/turktrek.com\/?page_id=6552"},"modified":"2024-08-05T07:01:23","modified_gmt":"2024-08-05T07:01:23","slug":"trail-running-fethiye","status":"publish","type":"page","link":"https:\/\/turktrek.com\/tr\/dag-orman-kosusu-fethiye\/","title":{"rendered":"Da\u011f Do\u011fa Ko\u015fusu Fethiye"},"content":{"rendered":"","protected":false},"excerpt":{"rendered":"","protected":false},"author":1,"featured_media":0,"parent":0,"menu_order":17,"comment_status":"closed","ping_status":"closed","template":"","meta":{"nf_dc_page":"","iawp_total_views":81,"_joinchat":[],"footnotes":""},"folder":[],"class_list":["post-6552","page","type-page","status-publish","hentry"],"_links":{"self":[{"href":"https:\/\/turktrek.com\/tr\/wp-json\/wp\/v2\/pages\/6552","targetHints":{"allow":["GET"]}}],"collection":[{"href":"https:\/\/turktrek.com\/tr\/wp-json\/wp\/v2\/pages"}],"about":[{"href":"https:\/\/turktrek.com\/tr\/wp-json\/wp\/v2\/types\/page"}],"author":[{"embeddable":true,"href":"https:\/\/turktrek.com\/tr\/wp-json\/wp\/v2\/users\/1"}],"replies":[{"embeddable":true,"href":"https:\/\/turktrek.com\/tr\/wp-json\/wp\/v2\/comments?post=6552"}],"version-history":[{"count":5,"href":"https:\/\/turktrek.com\/tr\/wp-json\/wp\/v2\/pages\/6552\/revisions"}],"predecessor-version":[{"id":6965,"href":"https:\/\/turktrek.com\/tr\/wp-json\/wp\/v2\/pages\/6552\/revisions\/6965"}],"wp:attachment":[{"href":"https:\/\/turktrek.com\/tr\/wp-json\/wp\/v2\/media?parent=6552"}],"wp:term":[{"taxonomy":"folder","embeddable":true,"href":"https:\/\/turktrek.com\/tr\/wp-json\/wp\/v2\/folder?post=6552"}],"curies":[{"name":"wp","href":"https:\/\/api.w.org\/{rel}","templated":true}]}}