{"id":6583,"date":"2024-07-27T18:19:51","date_gmt":"2024-07-27T18:19:51","guid":{"rendered":"https:\/\/turktrek.com\/?page_id=6583"},"modified":"2024-08-24T07:12:24","modified_gmt":"2024-08-24T07:12:24","slug":"turkey-trekking-hiking-blog","status":"publish","type":"page","link":"https:\/\/turktrek.com\/tr\/turkiye-trekking-yuruyus-blogu\/","title":{"rendered":"Turk Trek Y\u00fcr\u00fcy\u00fc\u015f Blogu"},"content":{"rendered":"","protected":false},"excerpt":{"rendered":"","protected":false},"author":1,"featured_media":0,"parent":0,"menu_order":19,"comment_status":"closed","ping_status":"closed","template":"","meta":{"nf_dc_page":"","iawp_total_views":185,"_joinchat":[],"footnotes":""},"folder":[],"class_list":["post-6583","page","type-page","status-publish","hentry"],"_links":{"self":[{"href":"https:\/\/turktrek.com\/tr\/wp-json\/wp\/v2\/pages\/6583","targetHints":{"allow":["GET"]}}],"collection":[{"href":"https:\/\/turktrek.com\/tr\/wp-json\/wp\/v2\/pages"}],"about":[{"href":"https:\/\/turktrek.com\/tr\/wp-json\/wp\/v2\/types\/page"}],"author":[{"embeddable":true,"href":"https:\/\/turktrek.com\/tr\/wp-json\/wp\/v2\/users\/1"}],"replies":[{"embeddable":true,"href":"https:\/\/turktrek.com\/tr\/wp-json\/wp\/v2\/comments?post=6583"}],"version-history":[{"count":5,"href":"https:\/\/turktrek.com\/tr\/wp-json\/wp\/v2\/pages\/6583\/revisions"}],"predecessor-version":[{"id":7274,"href":"https:\/\/turktrek.com\/tr\/wp-json\/wp\/v2\/pages\/6583\/revisions\/7274"}],"wp:attachment":[{"href":"https:\/\/turktrek.com\/tr\/wp-json\/wp\/v2\/media?parent=6583"}],"wp:term":[{"taxonomy":"folder","embeddable":true,"href":"https:\/\/turktrek.com\/tr\/wp-json\/wp\/v2\/folder?post=6583"}],"curies":[{"name":"wp","href":"https:\/\/api.w.org\/{rel}","templated":true}]}}