{"id":7559,"date":"2024-12-31T12:40:46","date_gmt":"2024-12-31T12:40:46","guid":{"rendered":"https:\/\/turktrek.com\/?page_id=7559"},"modified":"2024-12-31T12:51:53","modified_gmt":"2024-12-31T12:51:53","slug":"self-guided-hiking-on-the-lycian-way","status":"publish","type":"page","link":"https:\/\/turktrek.com\/tr\/likya-yolunda-rehbersiz-yuruyus\/","title":{"rendered":"Likyayolu'nda Rehbersiz Kendi Kendine Y\u00fcr\u00fcy\u00fc\u015f"},"content":{"rendered":"","protected":false},"excerpt":{"rendered":"","protected":false},"author":1,"featured_media":0,"parent":0,"menu_order":17,"comment_status":"closed","ping_status":"closed","template":"","meta":{"nf_dc_page":"","iawp_total_views":94,"_joinchat":[],"footnotes":""},"folder":[],"class_list":["post-7559","page","type-page","status-publish","hentry"],"_links":{"self":[{"href":"https:\/\/turktrek.com\/tr\/wp-json\/wp\/v2\/pages\/7559","targetHints":{"allow":["GET"]}}],"collection":[{"href":"https:\/\/turktrek.com\/tr\/wp-json\/wp\/v2\/pages"}],"about":[{"href":"https:\/\/turktrek.com\/tr\/wp-json\/wp\/v2\/types\/page"}],"author":[{"embeddable":true,"href":"https:\/\/turktrek.com\/tr\/wp-json\/wp\/v2\/users\/1"}],"replies":[{"embeddable":true,"href":"https:\/\/turktrek.com\/tr\/wp-json\/wp\/v2\/comments?post=7559"}],"version-history":[{"count":5,"href":"https:\/\/turktrek.com\/tr\/wp-json\/wp\/v2\/pages\/7559\/revisions"}],"predecessor-version":[{"id":7568,"href":"https:\/\/turktrek.com\/tr\/wp-json\/wp\/v2\/pages\/7559\/revisions\/7568"}],"wp:attachment":[{"href":"https:\/\/turktrek.com\/tr\/wp-json\/wp\/v2\/media?parent=7559"}],"wp:term":[{"taxonomy":"folder","embeddable":true,"href":"https:\/\/turktrek.com\/tr\/wp-json\/wp\/v2\/folder?post=7559"}],"curies":[{"name":"wp","href":"https:\/\/api.w.org\/{rel}","templated":true}]}}